{"id":21,"date":"2015-01-30T14:25:08","date_gmt":"2015-01-30T13:25:08","guid":{"rendered":"http:\/\/www.mck.works\/?page_id=21"},"modified":"2021-08-16T16:12:31","modified_gmt":"2021-08-16T14:12:31","slug":"imprint","status":"publish","type":"page","link":"https:\/\/mck.works\/en\/imprint\/","title":{"rendered":"Imprint"},"content":{"rendered":"<p><strong>Muck  GmbH &amp; Co KG<\/strong><br \/>\nDorfstra\u00dfe 28<br \/>\n56729 Herresbach &#8211; D\u00f6ttingen<br \/>\nGermany<\/p>\n<p>Telefon: +49 170 481 3288<br \/>\nFAX: +49 2691 938 9862<br \/>\nE-Mail: <a href=\"mailto:hm@mck.works\">hm@mck.works<\/a><\/p>\n<p>Steuernummer: 29\/200\/10880<br \/>\nAmtsgericht Koblenz HRA 21203<br \/>\nUst.-Id.-Nr.: DE 288411975<br \/>\nGesch\u00e4ftsf\u00fchrer: Hermann Muck<\/p>\n<p>Inhaltlich Verantwortlicher gem\u00e4\u00df \u00a7 55 Abs. 2 RStV: Hermann Muck (Anschrift wie oben)<\/p>\n<h2>Rechtliche Hinweise<\/h2>\n<p><strong>Haftung f\u00fcr Inhalte<\/strong><br \/>\nAls Diensteanbieter sind wir gem\u00e4\u00df \u00a7 7 Abs.1 TMG f\u00fcr eigene Inhalte auf diesen Seiten nach den allgemeinen Gesetzen verantwortlich. Nach \u00a7\u00a7 8 bis 10 TMG sind wir als Diensteanbieter jedoch nicht verpflichtet, \u00fcbermittelte oder gespeicherte fremde Informationen zu \u00fcberwachen oder nach Umst\u00e4nden zu forschen, die auf eine rechtswidrige T\u00e4tigkeit hinweisen. Verpflichtungen zur Entfernung oder Sperrung der Nutzung von Informationen nach den allgemeinen Gesetzen bleiben hiervon unber\u00fchrt. Eine diesbez\u00fcgliche Haftung ist jedoch erst ab dem Zeitpunkt der Kenntnis einer konkreten Rechtsverletzung m\u00f6glich. Bei Bekanntwerden von entsprechenden Rechtsverletzungen werden wir diese Inhalte umgehend entfernen.<\/p>\n<p><strong>Haftung f\u00fcr Links<\/strong><br \/>\nUnser Angebot enth\u00e4lt Links zu externen Websites Dritter, auf deren Inhalte wir keinen Einfluss haben. Deshalb k\u00f6nnen wir f\u00fcr diese fremden Inhalte auch keine Gew\u00e4hr \u00fcbernehmen. F\u00fcr die Inhalte der verlinkten Seiten ist stets der jeweilige Anbieter oder Betreiber der Seiten verantwortlich. Die verlinkten Seiten wurden zum Zeitpunkt der Verlinkung auf m\u00f6gliche Rechtsverst\u00f6\u00dfe \u00fcberpr\u00fcft. Rechtswidrige Inhalte waren zum Zeitpunkt der Verlinkung nicht erkennbar. Eine permanente inhaltliche Kontrolle der verlinkten Seiten ist jedoch ohne konkrete Anhaltspunkte einer Rechtsverletzung nicht zumutbar. Bei Bekanntwerden von Rechtsverletzungen werden wir derartige Links umgehend entfernen.<\/p>\n<p><strong>Urheberrecht<\/strong><br \/>\nDie auf dieser Website ver\u00f6ffentlichten Inhalte unterliegen dem deutschen Urheber- und Leistungsschutzrecht. Jede vom deutschen Urheber- und Leistungsschutzrecht nicht zugelassene Verwertung bedarf der vorherigen schriftlichen Zustimmung des Anbieters oder jeweiligen Rechteinhabers. Dies gilt insbesondere f\u00fcr Vervielf\u00e4ltigung, Bearbeitung, \u00dcbersetzung, Einspeicherung, Verarbeitung bzw. Wiedergabe von Inhalten in Datenbanken oder anderen elektronischen Medien und Systemen. Inhalte und Rechte Dritter sind dabei als solche gekennzeichnet. Die unerlaubte Vervielf\u00e4ltigung oder Weitergabe einzelner Inhalte oder kompletter Seiten ist nicht gestattet und strafbar. Lediglich die Herstellung von Kopien und Downloads f\u00fcr den privaten und nicht kommerziellen Gebrauch ist erlaubt. Die Darstellung dieser Website in fremden Frames ist nur mit schriftlicher Erlaubnis zul\u00e4ssig.<\/p>\n<h2>Datenschutz<\/h2>\n<p><strong>Datenschutzbeauftragte<\/strong><br \/>\nChiara Nestola<br \/>\nMuck GmbH &amp; Co. KG<br \/>\nN\u00fcrburgring Boulevard 2<br \/>\n53520 N\u00fcrburg<br \/>\nTel.: 02691 \/ 938 9860<br \/>\nE-Mail: <a href=\"mailto:cn@mck.works\">cn@mck.works<\/a><\/p>\n<p><strong>Personenbezogene Daten<\/strong><br \/>\nDie Betreiber dieser Seiten nehmen den Schutz Ihrer pers\u00f6nlichen Daten sehr ernst. Wir behandeln Ihre personenbezogenen Daten vertraulich und entsprechend der gesetzlichen Datenschutzvorschriften sowie dieser Datenschutzerkl\u00e4rung. Die Nutzung unserer Website ist in der Regel ohne Angabe personenbezogener Daten m\u00f6glich. Soweit auf unseren Seiten personenbezogene Daten (beispielsweise Name, Anschrift oder E-Mail-Adressen) erhoben werden, erfolgt dies, soweit m\u00f6glich, stets auf freiwilliger Basis. Diese Daten werden ohne Ihre ausdr\u00fcckliche Zustimmung nicht an Dritte weitergegeben. Wir weisen darauf hin, dass die Daten\u00fcbertragung im Internet (z.B. bei der Kommunikation per E-Mail) Sicherheitsl\u00fccken aufweisen kann. Ein l\u00fcckenloser Schutz der Daten vor dem Zugriff durch Dritte ist nicht m\u00f6glich.<\/p>\n<p><strong>EU Streitbeilegung (OS)<\/strong><br \/>\nDie Europ\u00e4ische Kommission stellt eine Plattform zur Online-Streitbeilegung (OS) bereit: <a href=\"http:\/\/ec.europa.eu\/consumers\/odr\">http:\/\/ec.europa.eu\/consumers\/odr<\/a><br \/>\nWir sind nicht bereit oder verpflichtet, an Streitbeilegungsverfahren vor einer Verbraucherschlichtungsstelle teilzunehmen.<\/p>\n<p><strong>E-Mail Kommunikation<\/strong><br \/>\nWenn Sie unseren Newsletter abonniert haben, so nutzen wir Ihre E-Mail-Adresse f\u00fcr Informationsschreiben, welche aktuelle Informationen rund um unsere Angebote, Dienstleistungen, Sonderangebote und Aktionen enthalten. Sollten Sie diese nicht mehr erhalten wollen, k\u00f6nnen Sie diese \u00fcber einen in der entsprechenden E-Mail integrierten Link kostenlos und jederzeit abbestellen.<\/p>\n<p><strong>Weitergabe personenbezogener Daten<\/strong><br \/>\nWir verwenden personenbezogene Informationen nur f\u00fcr diese Website. Wir geben die Informationen nicht ohne ausdr\u00fcckliches Einverst\u00e4ndnis an Dritte weiter. Sollten im Rahmen der Kontaktaufnahme und Auftragsdatenverarbeitung Daten an Dienstleister weitergegeben werden, so sind diese an das Bundesdatenschutzgesetz BDSG, andere gesetzliche Vorschriften und an diese Privacy Policy gebunden. Erhebungen beziehungsweise \u00dcbermittlungen pers\u00f6nlicher Daten an staatliche Einrichtungen und Beh\u00f6rden erfolgen nur im Rahmen zwingender Rechtsvorschriften.<\/p>\n<p><strong>Auskunft, Berichtigung, Sperrung und L\u00f6schung personenbezogener Daten<\/strong><br \/>\nSie haben im Rahmen des Bundesdatenschutzgesetzes ein Recht auf Auskunft, Berichtigung, Sperrung und L\u00f6schung Ihrer gespeicherter Daten. Sofern einer L\u00f6schung gesetzliche, vertragliche oder handels- bzw. steuerrechtliche Aufbewahrungsfristen oder sonstige gesetzlich verankerte Gr\u00fcnde entgegenstehen, kann anstelle einer L\u00f6schung allerdings nur eine Sperrung Ihrer Daten erfolgen.<br \/>\nKontakt: <\/p>\n<p><strong>Einsatz von Cookies<\/strong><br \/>\nDie Internetseiten verwenden teilweise so genannte Cookies. Cookies richten auf Ihrem Rechner keinen Schaden an und enthalten keine Viren. Cookies dienen dazu, unser Angebot nutzerfreundlicher, effektiver und sicherer zu machen. Cookies sind kleine Textdateien, die auf Ihrem Rechner abgelegt werden und die Ihr Browser speichert. Die meisten der von uns verwendeten Cookies sind so genannte \u201eSession-Cookies\u201c. Sie werden nach Ende Ihres Besuchs automatisch gel\u00f6scht. Andere Cookies bleiben auf Ihrem Endger\u00e4t gespeichert, bis Sie diese l\u00f6schen. Diese Cookies erm\u00f6glichen es uns, Ihren Browser beim n\u00e4chsten Besuch wiederzuerkennen. Sie k\u00f6nnen Ihren Browser so einstellen, dass Sie \u00fcber das Setzen von Cookies informiert werden und Cookies nur im Einzelfall erlauben, die Annahme von Cookies f\u00fcr bestimmte F\u00e4lle oder generell ausschlie\u00dfen sowie das automatische L\u00f6schen der Cookies beim Schlie\u00dfen des Browser aktivieren. Bei der Deaktivierung von Cookies kann die Funktionalit\u00e4t dieser Website eingeschr\u00e4nkt sein.<\/p>\n<p><strong>Server-Log-Files<\/strong><br \/>\nDer Provider der Seiten erhebt und speichert automatisch Informationen in so genannten Server-Log Files, die Ihr Browser automatisch an uns \u00fcbermittelt. Dies sind: Browsertyp und Browserversion, verwendetes Betriebssystem, Referrer URL, Hostname des zugreifenden Rechners, Uhrzeit der Serveranfrage. Diese Daten sind nicht bestimmten Personen zuordenbar. Eine Zusammenf\u00fchrung dieser Daten mit anderen Datenquellen wird nicht vorgenommen. Wir behalten uns vor, diese Daten nachtr\u00e4glich zu pr\u00fcfen, wenn uns konkrete Anhaltspunkte f\u00fcr eine rechtswidrige Nutzung bekannt werden.<\/p>\n<p><strong>Recht auf Auskunft, L\u00f6schung, Sperrung<\/strong><br \/>\nSie haben jederzeit das Recht auf unentgeltliche Auskunft \u00fcber Ihre gespeicherten personenbezogenen Daten, deren Herkunft und Empf\u00e4nger und den Zweck der Datenverarbeitung sowie ein Recht auf Berichtigung, Sperrung oder L\u00f6schung dieser Daten. Hierzu sowie zu weiteren Fragen zum Thema personenbezogene Daten k\u00f6nnen Sie sich jederzeit unter der im Impressum angegebenen Adresse an<br \/>\nuns wenden.<\/p>\n<p><strong>Sammlung, Analyse und Nutzung von sonstigen Informationen<\/strong><br \/>\nZu den Informationen, die wir anl\u00e4sslich Ihrer Nutzung unserer Seiten sammeln und analysieren, geh\u00f6ren Informationen \u00fcber die genutzten Browser, Betriebssysteme und Plattformen, sowie Plug-In Versionen, wie z.B. Flash oder QuickTime. Weiterhin der Uniform Resource Locators (URL), IP Adressen, und Clickstream zu und auf unserer Website, sowie die Nutzung von Pixel Tags zur \u00dcberpr\u00fcfung der Effektivit\u00e4t von Anzeigen oder anderen legitimen Zwecken, evtl. durch uns oder Dritte.<\/p>\n<p><strong>Links zu anderen Websites<\/strong><br \/>\nUnser Online-Angebot enth\u00e4lt Links zu anderen Websites. Wir haben keinen Einfluss darauf, dass deren Betreiber die Datenschutzbestimmungen einhalten.<\/p>\n<p><strong>Facebook<\/strong><br \/>\nDiese Website nutzt Plugins des sozialen Netzwerks Facebook, 1601 South California Avenue, Palo Alto, CA 94304, USA. Die Plugins erkennen Sie am Facebook Logo. Beim Besuch unserer Website wird \u00fcber das Plugin eine direkte Verbindung zwischen Ihrem Browser und den Servern von Facebook hergestellt. Zu den \u00fcbermittelten Informationen geh\u00f6rt die IP-Adresse mit der Sie unsere Seite besucht haben. Durch das Anklicken des Facebook \u201eLike-Button\u201c, w\u00e4hrend Sie in Ihrem Facebook Account eingeloggt sind, k\u00f6nnen Sie die Inhalte unserer Website auf Ihrem Facebook Profil verlinken. Dadurch kann Facebook den Besuch unserer Seiten Ihrem Benutzerkonto zuordnen. Wir weisen darauf hin, dass wir als Anbieter dieser Website keine Kenntnis vom Inhalt der \u00fcbermittelten Daten sowie deren Nutzung durch Facebook erhalten. Weitere Informationen hierzu finden Sie in der Datenschutzerkl\u00e4rung von Facebook unter [http:\/\/de-de.facebook.com\/policy.php]. Sollten Sie nicht w\u00fcnschen, dass Facebook den Besuch unserer Seiten Ihrem Facebook Account zuordnen kann, loggen Sie sich bitte aus Ihrem Facebook Account aus.<\/p>\n<p><strong>Google Plus<\/strong><br \/>\nDiese Website nutzt Plugins des sozialen Netzwerks Google Plus, welches von der Google Inc., 1600 Amphitheatre Parkway, Mountain View, CA 94043, USA betrieben wird. Der Button ist an dem Zeichen \u201c+1\u2033 erkennbar.,Beim Besuch unserer Website wird \u00fcber das Plugin eine direkte Verbindung zwischen Ihrem Browser und den Servern von Google hergestellt. Der Inhalt der \u201c+1\u2033-Schaltfl\u00e4che wird von Google direkt an Ihren Browser \u00fcbermittelt und von diesem in die Webseite eingebunden. Wir haben keinen Einfluss auf den Umfang der Daten, die Google mit der Schaltfl\u00e4che erhebt. Laut Google werden ohne einen Klick auf die \u201c+1\u2033-Schaltfl\u00e4che keine personenbezogenen Daten erhoben. Nur bei eingeloggten Mitgliedern, werden solche Daten, unter anderem die IP-Adresse, erhoben und verarbeitet. Zweck und Umfang der Datenerhebung und die weitere Verarbeitung und Nutzung der Daten durch Google, sowie Ihre Rechte und Einstellungsm\u00f6glichkeiten zum Schutz Ihrer Privatsph\u00e4re entnehmen Sie bitte den Datenschutzhinweisen von Google zur \u201c+1\u2033-Schaltfl\u00e4che: [http:\/\/www.google.com\/intl\/de\/+\/policy\/+1button.html]. Sollten Sie nicht w\u00fcnschen, dass Google den Besuch unserer Seiten Ihrem Google Plus Account zuordnen kann, loggen Sie sich bitte aus Ihrem Google Plus Account aus.<\/p>\n<p><strong>Google Analytics<\/strong><br \/>\nDiese Website benutzt Google Analytics, einen Webanalysedienst der Google Inc. (\u201eGoogle\u201c). Google Analytics verwendet sog. \u201eCookies\u201c, Textdateien, die auf Ihrem Computer gespeichert werden und die eine Analyse der Benutzung der Website durch Sie erm\u00f6glichen. Die durch den Cookie erzeugten Informationen \u00fcber Ihre Benutzung dieser Website werden in der Regel an einen Server von Google in den USA \u00fcbertragen und dort gespeichert. Im Falle der Aktivierung der IP-Anonymisierung auf dieser Webseite, wird Ihre IP-Adresse von Google jedoch innerhalb von Mitgliedstaaten der Europ\u00e4ischen Union oder in anderen Vertragsstaaten des Abkommens \u00fcber den Europ\u00e4ischen Wirtschaftsraum zuvor gek\u00fcrzt. Nur in Ausnahmef\u00e4llen wird die volle IP-Adresse an einen Server von Google in den USA \u00fcbertragen und dort gek\u00fcrzt. Im Auftrag des Betreibers dieser Website wird Google diese Informationen benutzen, um Ihre Nutzung der Website auszuwerten, um Reports \u00fcber die Websiteaktivit\u00e4ten zusammenzustellen und um weitere mit der Websitenutzung und der Internetnutzung verbundene Dienstleistungen gegen\u00fcber dem Websitebetreiber zu erbringen. Die im Rahmen von Google Analytics von Ihrem Browser \u00fcbermittelte IP-Adresse wird nicht mit anderen Daten von Google zusammengef\u00fchrt. Sie k\u00f6nnen die Speicherung der Cookies durch eine entsprechende Einstellung Ihrer Browser-Software verhindern; wir weisen Sie jedoch darauf hin, dass Sie in diesem Fall gegebenenfalls nicht s\u00e4mtliche Funktionen dieser Website vollumf\u00e4nglich werden nutzen k\u00f6nnen. Sie k\u00f6nnen dar\u00fcber hinaus die Erfassung der durch das Cookie erzeugten und auf Ihre Nutzung der Website bezogenen Daten (inkl. Ihrer IP-Adresse) an Google sowie die Verarbeitung dieser Daten durch Google verhindern, indem sie das unter dem folgenden Link verf\u00fcgbare Browser-Plugin herunterladen und installieren [http:\/\/tools.google.com\/dlpage\/gaoptout?hl=de].<\/p>\n","protected":false},"excerpt":{"rendered":"<p>Muck GmbH &amp; Co KG Dorfstra\u00dfe 28 56729 Herresbach &#8211; D\u00f6ttingen Germany Telefon: +49 170 481 3288 FAX: +49 2691 938 9862 E-Mail: hm@mck.works Steuernummer: 29\/200\/10880 Amtsgericht Koblenz HRA 21203 Ust.-Id.-Nr.: DE 288411975 Gesch\u00e4ftsf\u00fchrer: Hermann Muck Inhaltlich Verantwortlicher gem\u00e4\u00df \u00a7 55 Abs. 2 RStV: Hermann Muck (Anschrift wie oben) Rechtliche Hinweise Haftung f\u00fcr Inhalte Als [&hellip;]<\/p>\n","protected":false},"author":1,"featured_media":0,"parent":0,"menu_order":0,"comment_status":"closed","ping_status":"closed","template":"","meta":[],"_links":{"self":[{"href":"https:\/\/mck.works\/en\/wp-json\/wp\/v2\/pages\/21"}],"collection":[{"href":"https:\/\/mck.works\/en\/wp-json\/wp\/v2\/pages"}],"about":[{"href":"https:\/\/mck.works\/en\/wp-json\/wp\/v2\/types\/page"}],"author":[{"embeddable":true,"href":"https:\/\/mck.works\/en\/wp-json\/wp\/v2\/users\/1"}],"replies":[{"embeddable":true,"href":"https:\/\/mck.works\/en\/wp-json\/wp\/v2\/comments?post=21"}],"version-history":[{"count":8,"href":"https:\/\/mck.works\/en\/wp-json\/wp\/v2\/pages\/21\/revisions"}],"predecessor-version":[{"id":836,"href":"https:\/\/mck.works\/en\/wp-json\/wp\/v2\/pages\/21\/revisions\/836"}],"wp:attachment":[{"href":"https:\/\/mck.works\/en\/wp-json\/wp\/v2\/media?parent=21"}],"curies":[{"name":"wp","href":"https:\/\/api.w.org\/{rel}","templated":true}]}}